{"id":250,"date":"2020-03-12T01:33:15","date_gmt":"2020-03-12T01:33:15","guid":{"rendered":"https:\/\/www.hotelcingo.com.mk\/?page_id=250"},"modified":"2020-05-17T14:30:35","modified_gmt":"2020-05-17T14:30:35","slug":"bar-restaurant","status":"publish","type":"page","link":"https:\/\/www.hotelcingo.com.mk\/sq\/bar-restaurant\/","title":{"rendered":"Bari dhe Restoranti"},"content":{"rendered":"<p>[et_pb_section bb_built=&#8221;1&#8243; admin_label=&#8221;Header&#8221; _builder_version=&#8221;3.21&#8243; use_background_color_gradient=&#8221;on&#8221; background_color_gradient_start=&#8221;rgba(255,255,255,0.89)&#8221; background_color_gradient_end=&#8221;rgba(255,255,255,0)&#8221; background_color_gradient_type=&#8221;radial&#8221; background_color_gradient_direction_radial=&#8221;top left&#8221; background_color_gradient_start_position=&#8221;30%&#8221; background_color_gradient_end_position=&#8221;80%&#8221; background_color_gradient_overlays_image=&#8221;on&#8221; background_image=&#8221;https:\/\/www.hotelcingo.com.mk\/wp-content\/uploads\/2020\/03\/IMG_2210-1.jpg&#8221; custom_margin=&#8221;|||&#8221; custom_padding=&#8221;8vw||8vw||true&#8221; next_background_color=&#8221;#ffffff&#8221;][et_pb_row _builder_version=&#8221;3.13&#8243;][et_pb_column type=&#8221;4_4&#8243;][et_pb_text _builder_version=&#8221;3.21&#8243; header_font=&#8221;Raleway|700|||||||&#8221; header_font_size=&#8221;80px&#8221; header_font_size_tablet=&#8221;48px&#8221; header_font_size_phone=&#8221;32px&#8221; header_font_size_last_edited=&#8221;on|phone&#8221; header_line_height=&#8221;1.2em&#8221; header_5_font=&#8221;Raleway|700||on|||||&#8221; header_5_text_color=&#8221;#000000&#8243; header_5_font_size=&#8221;20px&#8221; header_5_font_size_tablet=&#8221;14px&#8221; header_5_font_size_phone=&#8221;12px&#8221; header_5_font_size_last_edited=&#8221;on|desktop&#8221; header_5_letter_spacing=&#8221;0.5em&#8221; header_5_line_height=&#8221;1.8em&#8221; animation_style=&#8221;zoom&#8221; animation_intensity_zoom=&#8221;5%&#8221;]<\/p>\n<h5>Pije dhe Ushqim<\/h5>\n<h1>Bari dhe Restoranti<\/h1>\n<p>[\/et_pb_text][\/et_pb_column][\/et_pb_row][\/et_pb_section][et_pb_section bb_built=&#8221;1&#8243; admin_label=&#8221;Room&#8221; specialty=&#8221;on&#8221; _builder_version=&#8221;3.21&#8243; next_background_color=&#8221;#000000&#8243; prev_background_color=&#8221;#000000&#8243;][et_pb_column type=&#8221;1_2&#8243; specialty_columns=&#8221;2&#8243;][et_pb_row_inner _builder_version=&#8221;3.13&#8243;][et_pb_column_inner type=&#8221;4_4&#8243; saved_specialty_column_type=&#8221;1_2&#8243;][et_pb_text _builder_version=&#8221;3.21&#8243; text_font_size=&#8221;16px&#8221; text_line_height=&#8221;2em&#8221; ul_line_height=&#8221;2em&#8221; header_3_font=&#8221;Raleway|700|||||||&#8221; header_3_font_size=&#8221;40px&#8221; header_3_font_size_tablet=&#8221;35px&#8221; header_3_font_size_phone=&#8221;25px&#8221; header_3_font_size_last_edited=&#8221;on|phone&#8221; header_3_line_height=&#8221;1.4em&#8221; header_6_line_height=&#8221;1.8em&#8221; module_class=&#8221;responsive_mobile&#8221;]<\/p>\n<h3>Bari dhe Recepcion<\/h3>\n<p>Kemi 24\/7 Pritja dhe Tavolina e p\u00ebrparme p\u00ebr t\u00eb gjith\u00eb vizitor\u00ebt Ne po ju presim.<\/p>\n<p>[\/et_pb_text][et_pb_image src=&#8221;https:\/\/www.hotelcingo.com.mk\/wp-content\/uploads\/2020\/03\/IMG_2211-1.jpg&#8221; _builder_version=&#8221;3.21&#8243; locked=&#8221;off&#8221; \/][\/et_pb_column_inner][\/et_pb_row_inner][et_pb_row_inner custom_padding=&#8221;0|0px|29.6875px|0px|false|false&#8221; use_custom_gutter=&#8221;on&#8221; gutter_width=&#8221;2&#8243; _builder_version=&#8221;3.13&#8243;][et_pb_column_inner type=&#8221;4_4&#8243; saved_specialty_column_type=&#8221;1_2&#8243;][et_pb_gallery _builder_version=&#8221;3.21&#8243; gallery_ids=&#8221;252,253,254,255,256,257,258,259&#8243; posts_number=&#8221;2&#8243; show_title_and_caption=&#8221;off&#8221; hover_overlay_color=&#8221;rgba(255,255,255,0.9)&#8221; \/][\/et_pb_column_inner][\/et_pb_row_inner][\/et_pb_column][et_pb_column type=&#8221;1_2&#8243;][et_pb_text _builder_version=&#8221;3.21&#8243; text_font_size=&#8221;16px&#8221; text_line_height=&#8221;2em&#8221; ul_line_height=&#8221;2em&#8221; header_3_font=&#8221;Raleway|700|||||||&#8221; header_3_font_size=&#8221;40px&#8221; header_3_font_size_tablet=&#8221;35px&#8221; header_3_font_size_phone=&#8221;25px&#8221; header_3_font_size_last_edited=&#8221;on|phone&#8221; header_3_line_height=&#8221;1.4em&#8221; header_6_line_height=&#8221;1.8em&#8221; locked=&#8221;off&#8221; module_class=&#8221;responsive_desktop&#8221;]<\/p>\n<h3>Bari dhe Recepcion<\/h3>\n<p>Kemi 24\/7 Pritja dhe Tavolina e p\u00ebrparme p\u00ebr t\u00eb gjith\u00eb vizitor\u00ebt Ne po ju presim.<\/p>\n<p>[\/et_pb_text][\/et_pb_column][\/et_pb_section][et_pb_section bb_built=&#8221;1&#8243; admin_label=&#8221;Room&#8221; specialty=&#8221;on&#8221; _builder_version=&#8221;3.21&#8243; next_background_color=&#8221;#000000&#8243; prev_background_color=&#8221;#000000&#8243;][et_pb_column type=&#8221;1_2&#8243;][et_pb_text _builder_version=&#8221;3.21&#8243; text_font_size=&#8221;16px&#8221; text_line_height=&#8221;2em&#8221; ul_line_height=&#8221;2em&#8221; header_3_font=&#8221;Raleway|700|||||||&#8221; header_3_font_size=&#8221;40px&#8221; header_3_font_size_tablet=&#8221;35px&#8221; header_3_font_size_phone=&#8221;25px&#8221; header_3_font_size_last_edited=&#8221;on|phone&#8221; header_3_line_height=&#8221;1.4em&#8221; header_6_line_height=&#8221;1.8em&#8221; locked=&#8221;off&#8221;]<\/p>\n<h3>Restoranti<\/h3>\n<p>Restoranti \u00ebsht\u00eb brenda hotelit. Ka nj\u00eb kapacitet prej 120 sedilje. \u00cbsht\u00eb i hapur p\u00ebr m\u00ebngjes, drek\u00eb dhe dark\u00eb. Nj\u00eb kuzhinier i lart\u00eb p\u00ebrgatit pjatat m\u00eb t\u00eb shijshme p\u00ebr ju. Pas vaktit, dalja nga restoranti ju \u00e7on n\u00eb pritjen e barit, ku n\u00eb nj\u00eb ambient t\u00eb k\u00ebndsh\u00ebm mund t\u00eb pini \u00e7ajin ose kafen\u00eb e m\u00ebngjesit dhe punonj\u00ebsit tan\u00eb jan\u00eb gjithmon\u00eb k\u00ebtu p\u00ebr t&#8217;ju takuar.<\/p>\n<p>[\/et_pb_text][\/et_pb_column][et_pb_column type=&#8221;1_2&#8243; specialty_columns=&#8221;2&#8243;][et_pb_row_inner _builder_version=&#8221;3.13&#8243;][et_pb_column_inner type=&#8221;4_4&#8243; saved_specialty_column_type=&#8221;1_2&#8243;][et_pb_image src=&#8221;https:\/\/www.hotelcingo.com.mk\/wp-content\/uploads\/2020\/03\/10.jpg&#8221; _builder_version=&#8221;3.21&#8243; locked=&#8221;off&#8221; \/][\/et_pb_column_inner][\/et_pb_row_inner][et_pb_row_inner custom_padding=&#8221;0|0px|29.6875px|0px|false|false&#8221; use_custom_gutter=&#8221;on&#8221; gutter_width=&#8221;2&#8243; _builder_version=&#8221;3.13&#8243;][et_pb_column_inner type=&#8221;4_4&#8243; saved_specialty_column_type=&#8221;1_2&#8243;][et_pb_gallery _builder_version=&#8221;3.21&#8243; gallery_ids=&#8221;267,266&#8243; posts_number=&#8221;2&#8243; show_title_and_caption=&#8221;off&#8221; hover_overlay_color=&#8221;rgba(255,255,255,0.9)&#8221; \/][\/et_pb_column_inner][\/et_pb_row_inner][\/et_pb_column][\/et_pb_section][et_pb_section bb_built=&#8221;1&#8243; admin_label=&#8221;Room&#8221; specialty=&#8221;on&#8221; _builder_version=&#8221;3.21&#8243; next_background_color=&#8221;#000000&#8243; prev_background_color=&#8221;#000000&#8243;][et_pb_column type=&#8221;1_2&#8243; specialty_columns=&#8221;2&#8243;][et_pb_row_inner _builder_version=&#8221;3.13&#8243;][et_pb_column_inner type=&#8221;4_4&#8243; saved_specialty_column_type=&#8221;1_2&#8243;][et_pb_text _builder_version=&#8221;3.21&#8243; text_font_size=&#8221;16px&#8221; text_line_height=&#8221;2em&#8221; ul_line_height=&#8221;2em&#8221; header_3_font=&#8221;Raleway|700|||||||&#8221; header_3_font_size=&#8221;40px&#8221; header_3_font_size_tablet=&#8221;35px&#8221; header_3_font_size_phone=&#8221;25px&#8221; header_3_font_size_last_edited=&#8221;on|phone&#8221; header_3_line_height=&#8221;1.4em&#8221; header_6_line_height=&#8221;1.8em&#8221; module_class=&#8221;responsive_mobile&#8221;]<\/p>\n<h3>VIP Dhom\u00eb<\/h3>\n<p>P\u00ebr takimet dhe prezantimet tuaja, ne ofrojm\u00eb nj\u00eb dhom\u00eb VIP. Issht\u00eb n\u00eb dispozicion p\u00ebr t\u00eb gjith\u00eb mysafir\u00ebt tan\u00eb.<\/p>\n<p>[\/et_pb_text][et_pb_image src=&#8221;https:\/\/www.hotelcingo.com.mk\/wp-content\/uploads\/2020\/03\/IMG_2026.jpg&#8221; _builder_version=&#8221;3.21&#8243; locked=&#8221;off&#8221; \/][\/et_pb_column_inner][\/et_pb_row_inner][et_pb_row_inner custom_padding=&#8221;0|0px|29.6875px|0px|false|false&#8221; use_custom_gutter=&#8221;on&#8221; gutter_width=&#8221;2&#8243; _builder_version=&#8221;3.13&#8243;][et_pb_column_inner type=&#8221;4_4&#8243; saved_specialty_column_type=&#8221;1_2&#8243;][et_pb_gallery _builder_version=&#8221;3.21&#8243; gallery_ids=&#8221;269,270&#8243; posts_number=&#8221;2&#8243; show_title_and_caption=&#8221;off&#8221; hover_overlay_color=&#8221;rgba(255,255,255,0.9)&#8221; \/][\/et_pb_column_inner][\/et_pb_row_inner][\/et_pb_column][et_pb_column type=&#8221;1_2&#8243;][et_pb_text _builder_version=&#8221;3.21&#8243; text_font_size=&#8221;16px&#8221; text_line_height=&#8221;2em&#8221; ul_line_height=&#8221;2em&#8221; header_3_font=&#8221;Raleway|700|||||||&#8221; header_3_font_size=&#8221;40px&#8221; header_3_font_size_tablet=&#8221;35px&#8221; header_3_font_size_phone=&#8221;25px&#8221; header_3_font_size_last_edited=&#8221;on|phone&#8221; header_3_line_height=&#8221;1.4em&#8221; header_6_line_height=&#8221;1.8em&#8221; locked=&#8221;off&#8221; module_class=&#8221;responsive_desktop&#8221;]<\/p>\n<h3>VIP Dhom\u00eb<\/h3>\n<p>P\u00ebr takimet dhe prezantimet tuaja, ne ofrojm\u00eb nj\u00eb dhom\u00eb VIP. Issht\u00eb n\u00eb dispozicion p\u00ebr t\u00eb gjith\u00eb mysafir\u00ebt tan\u00eb.<\/p>\n<p>[\/et_pb_text][\/et_pb_column][\/et_pb_section][et_pb_section bb_built=&#8221;1&#8243; admin_label=&#8221;Amenities Title&#8221; _builder_version=&#8221;3.21&#8243; use_background_color_gradient=&#8221;on&#8221; background_color_gradient_start=&#8221;rgba(106,125,140,0.5)&#8221; background_color_gradient_end=&#8221;#6a7d8c&#8221; background_color_gradient_overlays_image=&#8221;on&#8221; background_image=&#8221;https:\/\/www.hotelcingo.com.mk\/wp-content\/uploads\/2020\/03\/IMG_2216-1.jpg&#8221; custom_padding=&#8221;8vw|0px|280px|0px|false|false&#8221; prev_background_color=&#8221;#ffffff&#8221; next_background_color=&#8221;#ffffff&#8221;][et_pb_row custom_margin=&#8221;|||&#8221; _builder_version=&#8221;3.21&#8243; locked=&#8221;off&#8221;][et_pb_column type=&#8221;4_4&#8243;][et_pb_text _builder_version=&#8221;3.21&#8243; text_font_size=&#8221;16px&#8221; text_line_height=&#8221;2em&#8221; header_2_font=&#8221;Raleway|700|||||||&#8221; header_2_font_size=&#8221;50px&#8221; header_2_font_size_tablet=&#8221;35px&#8221; header_2_font_size_phone=&#8221;25px&#8221; header_2_font_size_last_edited=&#8221;on|phone&#8221; header_2_line_height=&#8221;1.2em&#8221; header_6_font=&#8221;Raleway|700||on|||||&#8221; header_6_font_size=&#8221;16px&#8221; header_6_letter_spacing=&#8221;5px&#8221; header_6_line_height=&#8221;1.8em&#8221; background_layout=&#8221;dark&#8221; max_width_last_edited=&#8221;on|desktop&#8221; locked=&#8221;off&#8221;]<\/p>\n<h6>Komoditet<\/h6>\n<h2>Hoteli yn\u00eb Ofron&#8230;<\/h2>\n<p>[\/et_pb_text][\/et_pb_column][\/et_pb_row][\/et_pb_section][et_pb_section bb_built=&#8221;1&#8243; admin_label=&#8221;Menu&#8221; _builder_version=&#8221;3.21&#8243; next_background_color=&#8221;#b2b9c4&#8243; prev_background_color=&#8221;#000000&#8243;][et_pb_row _builder_version=&#8221;3.13&#8243;][et_pb_column type=&#8221;1_3&#8243;][et_pb_blurb title=&#8221;WiFi Falas &#8221; use_icon=&#8221;on&#8221; font_icon=&#8221;%%202%%&#8221; icon_color=&#8221;#b2b9c4&#8243; icon_placement=&#8221;left&#8221; use_icon_font_size=&#8221;on&#8221; icon_font_size=&#8221;23px&#8221; _builder_version=&#8221;3.21&#8243; header_level=&#8221;h5&#8243; header_font=&#8221;Raleway|700|||||||&#8221; header_font_size=&#8221;20px&#8221; header_line_height=&#8221;1.2em&#8221; body_line_height=&#8221;2em&#8221; \/][\/et_pb_column][et_pb_column type=&#8221;1_3&#8243;][et_pb_blurb title=&#8221;Parking Falas&#8221; use_icon=&#8221;on&#8221; font_icon=&#8221;%%202%%&#8221; icon_color=&#8221;#b2b9c4&#8243; icon_placement=&#8221;left&#8221; use_icon_font_size=&#8221;on&#8221; icon_font_size=&#8221;23px&#8221; _builder_version=&#8221;3.21&#8243; header_level=&#8221;h5&#8243; header_font=&#8221;Raleway|700|||||||&#8221; header_font_size=&#8221;20px&#8221; header_line_height=&#8221;1.2em&#8221; body_line_height=&#8221;2em&#8221; \/][\/et_pb_column][et_pb_column type=&#8221;1_3&#8243;][et_pb_blurb title=&#8221;Dhoma Gjumi Komode&#8221; use_icon=&#8221;on&#8221; font_icon=&#8221;%%202%%&#8221; icon_color=&#8221;#b2b9c4&#8243; icon_placement=&#8221;left&#8221; use_icon_font_size=&#8221;on&#8221; icon_font_size=&#8221;23px&#8221; _builder_version=&#8221;3.21&#8243; header_level=&#8221;h5&#8243; header_font=&#8221;Raleway|700|||||||&#8221; header_font_size=&#8221;20px&#8221; header_line_height=&#8221;1.2em&#8221; body_line_height=&#8221;2em&#8221; locked=&#8221;off&#8221; \/][\/et_pb_column][\/et_pb_row][et_pb_row _builder_version=&#8221;3.13&#8243;][et_pb_column type=&#8221;1_3&#8243;][et_pb_blurb title=&#8221;24\/7 Recepcion&#8221; use_icon=&#8221;on&#8221; font_icon=&#8221;%%202%%&#8221; icon_color=&#8221;#b2b9c4&#8243; icon_placement=&#8221;left&#8221; use_icon_font_size=&#8221;on&#8221; icon_font_size=&#8221;23px&#8221; _builder_version=&#8221;3.21&#8243; header_level=&#8221;h5&#8243; header_font=&#8221;Raleway|700|||||||&#8221; header_font_size=&#8221;20px&#8221; header_line_height=&#8221;1.2em&#8221; body_line_height=&#8221;2em&#8221; \/][\/et_pb_column][et_pb_column type=&#8221;1_3&#8243;][et_pb_blurb title=&#8221;Televizion Kabllor&#8221; use_icon=&#8221;on&#8221; font_icon=&#8221;%%202%%&#8221; icon_color=&#8221;#b2b9c4&#8243; icon_placement=&#8221;left&#8221; use_icon_font_size=&#8221;on&#8221; icon_font_size=&#8221;23px&#8221; _builder_version=&#8221;3.21&#8243; header_level=&#8221;h5&#8243; header_font=&#8221;Raleway|700|||||||&#8221; header_font_size=&#8221;20px&#8221; header_line_height=&#8221;1.2em&#8221; body_line_height=&#8221;2em&#8221; \/][\/et_pb_column][et_pb_column type=&#8221;1_3&#8243;][et_pb_blurb title=&#8221;Air Conditioning&#8221; use_icon=&#8221;on&#8221; font_icon=&#8221;%%202%%&#8221; icon_color=&#8221;#b2b9c4&#8243; icon_placement=&#8221;left&#8221; use_icon_font_size=&#8221;on&#8221; icon_font_size=&#8221;23px&#8221; _builder_version=&#8221;3.21&#8243; header_level=&#8221;h5&#8243; header_font=&#8221;Raleway|700|||||||&#8221; header_font_size=&#8221;20px&#8221; header_line_height=&#8221;1.2em&#8221; body_line_height=&#8221;2em&#8221; \/][\/et_pb_column][\/et_pb_row][et_pb_row _builder_version=&#8221;3.12.2&#8243;][et_pb_column type=&#8221;1_3&#8243;][et_pb_blurb title=&#8221;Breakfast\/Lunch\/Dinner&#8221; use_icon=&#8221;on&#8221; font_icon=&#8221;%%202%%&#8221; icon_color=&#8221;#b2b9c4&#8243; icon_placement=&#8221;left&#8221; use_icon_font_size=&#8221;on&#8221; icon_font_size=&#8221;23px&#8221; _builder_version=&#8221;3.21&#8243; header_level=&#8221;h5&#8243; header_font=&#8221;Raleway|700|||||||&#8221; header_font_size=&#8221;20px&#8221; header_line_height=&#8221;1.4em&#8221; body_line_height=&#8221;2em&#8221; \/][\/et_pb_column][et_pb_column type=&#8221;1_3&#8243;][et_pb_blurb title=&#8221;Banja Private&#8221; use_icon=&#8221;on&#8221; font_icon=&#8221;%%202%%&#8221; icon_color=&#8221;#b2b9c4&#8243; icon_placement=&#8221;left&#8221; use_icon_font_size=&#8221;on&#8221; icon_font_size=&#8221;23px&#8221; _builder_version=&#8221;3.21&#8243; header_level=&#8221;h5&#8243; header_font=&#8221;Raleway|700|||||||&#8221; header_font_size=&#8221;20px&#8221; header_line_height=&#8221;1.2em&#8221; body_line_height=&#8221;2em&#8221; \/][\/et_pb_column][et_pb_column type=&#8221;1_3&#8243;][et_pb_blurb title=&#8221;Frigorifer ne \u00e7do Dhom\u00eb&#8221; use_icon=&#8221;on&#8221; font_icon=&#8221;%%202%%&#8221; icon_color=&#8221;#b2b9c4&#8243; icon_placement=&#8221;left&#8221; use_icon_font_size=&#8221;on&#8221; icon_font_size=&#8221;23px&#8221; _builder_version=&#8221;3.21&#8243; header_level=&#8221;h5&#8243; header_font=&#8221;Raleway|700|||||||&#8221; header_font_size=&#8221;20px&#8221; header_line_height=&#8221;1.2em&#8221; body_line_height=&#8221;2em&#8221; locked=&#8221;off&#8221; \/][\/et_pb_column][\/et_pb_row][\/et_pb_section][et_pb_section bb_built=&#8221;1&#8243; admin_label=&#8221;Contact&#8221; _builder_version=&#8221;3.21&#8243; background_color=&#8221;#b2b9c4&#8243; use_background_color_gradient=&#8221;on&#8221; background_color_gradient_start=&#8221;rgba(255,255,255,0.56)&#8221; background_color_gradient_end=&#8221;rgba(178,185,196,0.98)&#8221; background_color_gradient_type=&#8221;radial&#8221; background_color_gradient_direction_radial=&#8221;top right&#8221; background_color_gradient_end_position=&#8221;77%&#8221; background_color_gradient_overlays_image=&#8221;on&#8221; background_image=&#8221;https:\/\/www.hotelcingo.com.mk\/wp-content\/uploads\/2020\/03\/pexels-photo-1346010.jpg&#8221; custom_padding=&#8221;8vw|0px|8vw|0px|true|false&#8221; locked=&#8221;off&#8221; prev_background_color=&#8221;#ffffff&#8221;][et_pb_row custom_margin=&#8221;|||&#8221; _builder_version=&#8221;3.12.2&#8243;][et_pb_column type=&#8221;4_4&#8243;][et_pb_text _builder_version=&#8221;3.21&#8243; text_font_size=&#8221;16px&#8221; text_line_height=&#8221;2em&#8221; header_2_font=&#8221;Raleway|700|||||||&#8221; header_2_font_size=&#8221;50px&#8221; header_2_font_size_tablet=&#8221;35px&#8221; header_2_font_size_phone=&#8221;25px&#8221; header_2_font_size_last_edited=&#8221;on|phone&#8221; header_2_line_height=&#8221;1.2em&#8221; header_6_font=&#8221;Raleway|700||on|||||&#8221; header_6_font_size=&#8221;16px&#8221; header_6_letter_spacing=&#8221;5px&#8221; header_6_line_height=&#8221;1.8em&#8221; background_layout=&#8221;dark&#8221; max_width_last_edited=&#8221;on|desktop&#8221;]<\/p>\n<h6>T\u00eb Interesuar?<\/h6>\n<h2>Rezervoni Tani<\/h2>\n<p>[\/et_pb_text][et_pb_button button_text=&#8221;Rezervoni Tani&#8221; button_alignment=&#8221;center&#8221; _builder_version=&#8221;3.21&#8243; custom_button=&#8221;on&#8221; button_text_color=&#8221;#828c91&#8243; button_bg_color=&#8221;#ffffff&#8221; button_border_width=&#8221;10px&#8221; button_border_color=&#8221;rgba(0,0,0,0)&#8221; button_border_radius=&#8221;0px&#8221; button_font=&#8221;Raleway|700|||||||&#8221; locked=&#8221;off&#8221; button_text_size__hover_enabled=&#8221;off&#8221; button_text_size__hover=&#8221;null&#8221; button_one_text_size__hover_enabled=&#8221;off&#8221; button_one_text_size__hover=&#8221;null&#8221; button_two_text_size__hover_enabled=&#8221;off&#8221; button_two_text_size__hover=&#8221;null&#8221; button_text_color__hover_enabled=&#8221;off&#8221; button_text_color__hover=&#8221;null&#8221; button_one_text_color__hover_enabled=&#8221;off&#8221; button_one_text_color__hover=&#8221;null&#8221; button_two_text_color__hover_enabled=&#8221;off&#8221; button_two_text_color__hover=&#8221;null&#8221; button_border_width__hover_enabled=&#8221;off&#8221; button_border_width__hover=&#8221;null&#8221; button_one_border_width__hover_enabled=&#8221;off&#8221; button_one_border_width__hover=&#8221;null&#8221; button_two_border_width__hover_enabled=&#8221;off&#8221; button_two_border_width__hover=&#8221;null&#8221; button_border_color__hover_enabled=&#8221;off&#8221; button_border_color__hover=&#8221;null&#8221; button_one_border_color__hover_enabled=&#8221;off&#8221; button_one_border_color__hover=&#8221;null&#8221; button_two_border_color__hover_enabled=&#8221;off&#8221; button_two_border_color__hover=&#8221;null&#8221; button_border_radius__hover_enabled=&#8221;on&#8221; button_border_radius__hover=&#8221;0px&#8221; button_one_border_radius__hover_enabled=&#8221;off&#8221; button_one_border_radius__hover=&#8221;null&#8221; button_two_border_radius__hover_enabled=&#8221;off&#8221; button_two_border_radius__hover=&#8221;null&#8221; button_letter_spacing__hover_enabled=&#8221;off&#8221; button_letter_spacing__hover=&#8221;null&#8221; button_one_letter_spacing__hover_enabled=&#8221;off&#8221; button_one_letter_spacing__hover=&#8221;null&#8221; button_two_letter_spacing__hover_enabled=&#8221;off&#8221; button_two_letter_spacing__hover=&#8221;null&#8221; button_bg_color__hover_enabled=&#8221;off&#8221; button_bg_color__hover=&#8221;null&#8221; button_one_bg_color__hover_enabled=&#8221;off&#8221; button_one_bg_color__hover=&#8221;null&#8221; button_two_bg_color__hover_enabled=&#8221;off&#8221; button_two_bg_color__hover=&#8221;null&#8221; button_url=&#8221;https:\/\/www.booking.com\/searchresults.en-gb.html?aid=376363;label=booking-name-L%2AXf2U1sq4%2AGEkIwcLOALQS410513707198%3Apl%3Ata%3Ap1%3Ap22%2C629%2C000%3Aac%3Aap%3Aneg%3Afi%3Atiaud-995463542072%3Akwd-65526620%3Alp9075775%3Ali%3Adec%3Adm%3Appccp%3DUmFuZG9tSVYkc2RlIyh9YfqnDqqG8nt1XFzPnqOODws;sid=f14f75f8772a2bffd74e8bdb392d1096;city=-90608;expand_sb=1;highlighted_hotels=789619;hlrd=no_dates;keep_landing=1;redirected=1;source=hotel;srpvid=1b4ca1d3ec430005&amp;#hotelTmpl&#8221; \/][\/et_pb_column][\/et_pb_row][\/et_pb_section]<\/p>\n","protected":false},"excerpt":{"rendered":"<p>&#8230;<\/p>\n","protected":false},"author":1,"featured_media":0,"parent":0,"menu_order":0,"comment_status":"closed","ping_status":"closed","template":"","meta":{"_et_pb_use_builder":"on","_et_pb_old_content":"","footnotes":""},"_links":{"self":[{"href":"https:\/\/www.hotelcingo.com.mk\/sq\/wp-json\/wp\/v2\/pages\/250"}],"collection":[{"href":"https:\/\/www.hotelcingo.com.mk\/sq\/wp-json\/wp\/v2\/pages"}],"about":[{"href":"https:\/\/www.hotelcingo.com.mk\/sq\/wp-json\/wp\/v2\/types\/page"}],"author":[{"embeddable":true,"href":"https:\/\/www.hotelcingo.com.mk\/sq\/wp-json\/wp\/v2\/users\/1"}],"replies":[{"embeddable":true,"href":"https:\/\/www.hotelcingo.com.mk\/sq\/wp-json\/wp\/v2\/comments?post=250"}],"version-history":[{"count":36,"href":"https:\/\/www.hotelcingo.com.mk\/sq\/wp-json\/wp\/v2\/pages\/250\/revisions"}],"predecessor-version":[{"id":675,"href":"https:\/\/www.hotelcingo.com.mk\/sq\/wp-json\/wp\/v2\/pages\/250\/revisions\/675"}],"wp:attachment":[{"href":"https:\/\/www.hotelcingo.com.mk\/sq\/wp-json\/wp\/v2\/media?parent=250"}],"curies":[{"name":"wp","href":"https:\/\/api.w.org\/{rel}","templated":true}]}}